{"id":148,"date":"2025-10-05T13:03:00","date_gmt":"2025-10-05T13:03:00","guid":{"rendered":"https:\/\/grup1.uabcilab.cat\/?page_id=148"},"modified":"2025-10-06T15:42:55","modified_gmt":"2025-10-06T15:42:55","slug":"sopa-dou-xinesa","status":"publish","type":"page","link":"https:\/\/grup1.uabcilab.cat\/?page_id=148","title":{"rendered":"Sopa d&#8217;ou Xinesa"},"content":{"rendered":"\n<h2 class=\"wp-block-heading\"><strong>Sopa d&#8217;ou xinesa<\/strong><\/h2>\n\n\n\n<ul class=\"wp-block-list\">\n<li>Temps total<strong> 7 min<\/strong><\/li>\n\n\n\n<li>Elaboraci\u00f3 <strong>2 min<\/strong><\/li>\n\n\n\n<li>Cocci\u00f3 <strong>5 min<\/strong><\/li>\n<\/ul>\n\n\n\n<h2 class=\"wp-block-heading\"><strong>Ingredients<\/strong><\/h2>\n\n\n\n<p><em>Per a 2 persones<\/em><\/p>\n\n\n\n<ul class=\"wp-block-list\">\n<li>Brou de pollastre<strong> 1l<\/strong><\/li>\n\n\n\n<li>Mid\u00f3 de blat de moro<strong> 2 cullerades<\/strong><\/li>\n\n\n\n<li>Ou<strong> 2<\/strong><\/li>\n\n\n\n<li>Salsa de soja fosca<strong> 2 cullerades<\/strong><\/li>\n\n\n\n<li>Pebre negre m\u00f2lt<\/li>\n\n\n\n<li>Bolets<strong> 150 g<\/strong><\/li>\n\n\n\n<li>Oli d&#8217;oliva<\/li>\n<\/ul>\n\n\n\n<p>En primer lloc laminem i saltem els bolets amb un fil d&#8217;oli d&#8217;oliva en una paella b\u00e9 calenta.&nbsp;<\/p>\n\n\n\n<p>Escalfem el brou de pollastre i una vegada arribi a ebullici\u00f3, baixem el foc al m\u00ednim. Dilu\u00efm la maizena en una mica d&#8217;aigua, l&#8217;afegim al brou, i removem durant un parell de minuts fins que el brou espesseixi lleugerament. Apaguem el foc.<\/p>\n\n\n\n<p>Batem els ous i els afegim a la sopa en forma de fil mentre removem amb una esp\u00e0tula de silicona. Assaonem el brou amb un polsim de pebre i la salsa de soia, servim immediatament, i decorem amb els bolets.<\/p>\n","protected":false},"excerpt":{"rendered":"<p>Sopa d&#8217;ou xinesa Ingredients Per a 2 persones En primer lloc laminem i saltem els bolets amb un fil d&#8217;oli d&#8217;oliva en una paella b\u00e9 calenta.&nbsp; Escalfem el [&hellip;]<\/p>\n","protected":false},"author":1,"featured_media":0,"parent":0,"menu_order":0,"comment_status":"closed","ping_status":"closed","template":"","meta":{"footnotes":""},"class_list":["post-148","page","type-page","status-publish","hentry"],"_links":{"self":[{"href":"https:\/\/grup1.uabcilab.cat\/index.php?rest_route=\/wp\/v2\/pages\/148","targetHints":{"allow":["GET"]}}],"collection":[{"href":"https:\/\/grup1.uabcilab.cat\/index.php?rest_route=\/wp\/v2\/pages"}],"about":[{"href":"https:\/\/grup1.uabcilab.cat\/index.php?rest_route=\/wp\/v2\/types\/page"}],"author":[{"embeddable":true,"href":"https:\/\/grup1.uabcilab.cat\/index.php?rest_route=\/wp\/v2\/users\/1"}],"replies":[{"embeddable":true,"href":"https:\/\/grup1.uabcilab.cat\/index.php?rest_route=%2Fwp%2Fv2%2Fcomments&post=148"}],"version-history":[{"count":4,"href":"https:\/\/grup1.uabcilab.cat\/index.php?rest_route=\/wp\/v2\/pages\/148\/revisions"}],"predecessor-version":[{"id":257,"href":"https:\/\/grup1.uabcilab.cat\/index.php?rest_route=\/wp\/v2\/pages\/148\/revisions\/257"}],"wp:attachment":[{"href":"https:\/\/grup1.uabcilab.cat\/index.php?rest_route=%2Fwp%2Fv2%2Fmedia&parent=148"}],"curies":[{"name":"wp","href":"https:\/\/api.w.org\/{rel}","templated":true}]}}