{"id":25,"date":"2025-09-29T15:00:30","date_gmt":"2025-09-29T15:00:30","guid":{"rendered":"https:\/\/grup1.uabcilab.cat\/?page_id=25"},"modified":"2025-10-05T13:29:05","modified_gmt":"2025-10-05T13:29:05","slug":"inici","status":"publish","type":"page","link":"https:\/\/grup1.uabcilab.cat\/","title":{"rendered":"INICI"},"content":{"rendered":"\n<h3 class=\"wp-block-heading\">Benvinguts a\u00a0<strong>Cuina UABer<\/strong><\/h3>\n\n\n\n<p>El lloc on els estudiants de la UAB comparteixen les seves millors receptes!<\/p>\n\n\n\n<p>A&nbsp;<strong>Cuina UABer<\/strong>&nbsp;creiem que cuinar no ha de ser complicat ni car \u2014 nom\u00e9s cal una mica de creativitat i ganes de menjar b\u00e9. Aqu\u00ed trobar\u00e0s plats f\u00e0cils, r\u00e0pids i deliciosos, ideals per al dia a dia universitari: des d\u2019idees per menjar de t\u00e0per fins a postres improvisades per sorprendre els amics.<\/p>\n\n\n\n<p> Totes les receptes estan fetes per estudiants com nosaltres, que volem compartir trucs, idees i la passi\u00f3 per la cuina.<\/p>\n\n\n\n<p>Explora, prova, comparteix i inspira\u2019t.<br>Perqu\u00e8 a&nbsp;<strong>Cuina UABer<\/strong>, cuinar \u00e9s cosa de tots!<\/p>\n\n\n\n<p><\/p>\n","protected":false},"excerpt":{"rendered":"<p>Benvinguts a\u00a0Cuina UABer El lloc on els estudiants de la UAB comparteixen les seves millors receptes! A&nbsp;Cuina UABer&nbsp;creiem que cuinar no ha de ser complicat ni car \u2014 [&hellip;]<\/p>\n","protected":false},"author":1,"featured_media":0,"parent":0,"menu_order":0,"comment_status":"closed","ping_status":"closed","template":"","meta":{"footnotes":""},"class_list":["post-25","page","type-page","status-publish","hentry"],"_links":{"self":[{"href":"https:\/\/grup1.uabcilab.cat\/index.php?rest_route=\/wp\/v2\/pages\/25","targetHints":{"allow":["GET"]}}],"collection":[{"href":"https:\/\/grup1.uabcilab.cat\/index.php?rest_route=\/wp\/v2\/pages"}],"about":[{"href":"https:\/\/grup1.uabcilab.cat\/index.php?rest_route=\/wp\/v2\/types\/page"}],"author":[{"embeddable":true,"href":"https:\/\/grup1.uabcilab.cat\/index.php?rest_route=\/wp\/v2\/users\/1"}],"replies":[{"embeddable":true,"href":"https:\/\/grup1.uabcilab.cat\/index.php?rest_route=%2Fwp%2Fv2%2Fcomments&post=25"}],"version-history":[{"count":4,"href":"https:\/\/grup1.uabcilab.cat\/index.php?rest_route=\/wp\/v2\/pages\/25\/revisions"}],"predecessor-version":[{"id":162,"href":"https:\/\/grup1.uabcilab.cat\/index.php?rest_route=\/wp\/v2\/pages\/25\/revisions\/162"}],"wp:attachment":[{"href":"https:\/\/grup1.uabcilab.cat\/index.php?rest_route=%2Fwp%2Fv2%2Fmedia&parent=25"}],"curies":[{"name":"wp","href":"https:\/\/api.w.org\/{rel}","templated":true}]}}